{"id":89,"date":"2025-12-06T11:51:08","date_gmt":"2025-12-06T11:51:08","guid":{"rendered":"https:\/\/annegdhen-astro.fr\/?page_id=89"},"modified":"2025-12-23T16:39:08","modified_gmt":"2025-12-23T16:39:08","slug":"anne-gdhen-a-propos","status":"publish","type":"page","link":"https:\/\/annegdhen-astro.fr\/index.php\/anne-gdhen-a-propos\/","title":{"rendered":"Anne Gdhen-a propos"},"content":{"rendered":"\n\n\n<p class=\"has-medium-font-size\"><strong>Je suis coach professionnelle et astrologue install\u00e9e \u00e0 Niort (Deux-S\u00e8vres, France).<\/strong><\/p>\n\n\n\n<p class=\"has-medium-font-size\"><strong>L&rsquo;astrologie me sert \u00e0 mieux saisir les points \u00e0 travailler chez mes clients et moi-m\u00eame, pour \u00eatre plus congruent.<\/strong><\/p>\n\n\n\n<p class=\"has-medium-font-size\">\u21aa\ufe0e Je suis <strong>coach certifi\u00e9e et praticienne en Programmation neuro-linguistique (PNL) de l&rsquo;Institut international de coaching (ICI)<\/strong> <strong>de Gen\u00e8ve<\/strong>.<\/p>\n\n\n\n<figure class=\"wp-block-image aligncenter size-full is-resized\"><img loading=\"lazy\" decoding=\"async\" width=\"800\" height=\"393\" src=\"https:\/\/annegdhen-astro.fr\/wp-content\/uploads\/2025\/12\/anne-gdhen-MASTERCOACH.png\" alt=\"\" class=\"wp-image-96\" style=\"aspect-ratio:2.035663523987047;width:309px;height:auto\" srcset=\"https:\/\/annegdhen-astro.fr\/wp-content\/uploads\/2025\/12\/anne-gdhen-MASTERCOACH.png 800w, https:\/\/annegdhen-astro.fr\/wp-content\/uploads\/2025\/12\/anne-gdhen-MASTERCOACH-300x147.png 300w, https:\/\/annegdhen-astro.fr\/wp-content\/uploads\/2025\/12\/anne-gdhen-MASTERCOACH-768x377.png 768w\" sizes=\"auto, (max-width: 800px) 100vw, 800px\" \/><\/figure>\n\n\n\n<p class=\"has-medium-font-size\">\u21aa\ufe0e Form\u00e9e \u00e9galement \u00e0 l&rsquo;analyse transactionnelle et l&rsquo;accompagnement sur l&rsquo;Enfant int\u00e9rieur, \u00e0 la Communication non-violente (CNV) et \u00e0 la pr\u00e9paration mentale, je peux vous aider \u00e0 <strong>r\u00e9ussir vos objectifs et \u00e0 penser en mode R\u00e9ussite.<\/strong><\/p>\n\n\n\n<p class=\"has-medium-font-size\">\u21aa\ufe0e J&rsquo;utilise mon intuition et mon esprit de synth\u00e8se pour vous aider \u00e0 voir plus clair en vous et \u00e0 devenir plus congruent(e).<\/p>\n\n\n\n<p class=\"has-medium-font-size\">Je pars du principe (pour l&rsquo;avoir v\u00e9cu moi-m\u00eame) qu&rsquo;il importe d&rsquo;abord d&rsquo;augmenter la confiance, l&rsquo;estime et la connaissance de soi, avant d&rsquo;envisager \u00e9ventuellement de changer de m\u00e9tier.<\/p>\n\n\n\n<p class=\"has-medium-font-size\">Un travail sur soi permet \u00e9galement de gagner en clart\u00e9, pour oser sauter le pas et devenir entrepreneur(e). Avoir une bonne boussole int\u00e9rieure est essentielle aussi pour garder le cap.<\/p>\n\n\n\n<p class=\"has-medium-font-size\">J&rsquo;ai une longue exp\u00e9rience du salariat (plus de 25 ans comme cadre dans la fonction publique) et plusieurs reconversions professionnelles complexes : j&rsquo;ai eu moi-m\u00eame des difficult\u00e9s \u00e0 trouver ma voie, apr\u00e8s plusieurs reprises d&rsquo;\u00e9tudes tardives et de nombreux essais infructueux.<br>Je suis donc bien plac\u00e9e pour comprendre combien il peut \u00eatre ardu de trouver son m\u00e9tier de c\u0153ur et de pouvoir s&rsquo;y \u00e9panouir, tout en vivant confortablement de son activit\u00e9. J&rsquo;ai accompagn\u00e9 nombre de personnes en reconversion professionnelle et j&rsquo;ai anim\u00e9 de nombreux ateliers en ligne<br>et en pr\u00e9sentiel pour aider les futurs entrepreneurs \u00e0 r\u00e9ussir<br>(notamment en marketing et en d\u00e9veloppement personnel).<\/p>\n\n\n\n<p class=\"has-medium-font-size\">D\u00e9sormais, ma <strong>Mission de vie est de vous accompagner \u00e0 trouver votre propre chemin avec clart\u00e9 et confiance<\/strong>.<br>Sur le plan spirituel, je vous aide \u00e9galement \u00e0 vous connecter de nouveau avec votre contrat d&rsquo;\u00e2me (fait avant votre incarnation) :<br>l&rsquo;astrologie permet de le r\u00e9v\u00e9ler et de comprendre pourquoi vous \u00eates sur Terre (votre potentiel et le travail \u00e0 r\u00e9aliser pour \u00e9voluer et exploiter davantage vos talents).<\/p>\n\n\n\n<figure class=\"wp-block-image aligncenter size-large is-resized\"><img loading=\"lazy\" decoding=\"async\" width=\"1024\" height=\"1024\" src=\"https:\/\/annegdhen-astro.fr\/wp-content\/uploads\/2025\/12\/annedghen-charte-des-valeurs-1024x1024.jpg\" alt=\"\" class=\"wp-image-98\" style=\"width:495px;height:auto\" srcset=\"https:\/\/annegdhen-astro.fr\/wp-content\/uploads\/2025\/12\/annedghen-charte-des-valeurs-1024x1024.jpg 1024w, https:\/\/annegdhen-astro.fr\/wp-content\/uploads\/2025\/12\/annedghen-charte-des-valeurs-300x300.jpg 300w, https:\/\/annegdhen-astro.fr\/wp-content\/uploads\/2025\/12\/annedghen-charte-des-valeurs-150x150.jpg 150w, https:\/\/annegdhen-astro.fr\/wp-content\/uploads\/2025\/12\/annedghen-charte-des-valeurs-768x768.jpg 768w, https:\/\/annegdhen-astro.fr\/wp-content\/uploads\/2025\/12\/annedghen-charte-des-valeurs.jpg 1080w\" sizes=\"auto, (max-width: 1024px) 100vw, 1024px\" \/><\/figure>\n\n\n\n<blockquote class=\"wp-block-quote is-layout-flow wp-block-quote-is-layout-flow\">\n<h2 class=\"wp-block-heading\"><strong>La charte de mes valeurs \u2665\ufe0f<\/strong><\/h2>\n\n\n\n<p>&#8211; <strong>Spiritualit\u00e9<\/strong> : je vous aide \u00e0 trouver votre Mission de Vie<\/p>\n\n\n\n<p>&#8211; <strong>Libert\u00e9<\/strong> : je vous aide \u00e0 faire vos propres choix en conscience<\/p>\n\n\n\n<p>&#8211; <strong>Empathie<\/strong> : je suis \u00e0 votre \u00e9coute en toute bienveillance et neutralit\u00e9<\/p>\n\n\n\n<p>&#8211; <strong>Int\u00e9grit\u00e9<\/strong> : je respecte la confidentialit\u00e9 de nos \u00e9changes et j&rsquo;utilise des techniques&nbsp; que j&rsquo;ai moi-m\u00eame test\u00e9es.<\/p>\n\n\n\n<p>\u261e <u><strong>Ma raison d&rsquo;\u00eatre<\/strong><\/u> : contribuer \u00e0 vous permettre de d\u00e9velopper une carri\u00e8re align\u00e9e avec votre personnalit\u00e9 profonde. Aider mes clients \u00e0 identifier leur Mission de vie et honorer leur contrat d&rsquo;\u00e2me.<\/p>\n<\/blockquote>\n\n\n\n<h3 class=\"wp-block-heading has-text-align-center\">Retrouvez-moi aussi sur YouTube \ud83d\ude0a<\/h3>\n\n\n\n<figure class=\"wp-block-embed is-type-video is-provider-youtube wp-block-embed-youtube wp-embed-aspect-16-9 wp-has-aspect-ratio\"><div class=\"wp-block-embed__wrapper\">\n<iframe loading=\"lazy\" title=\"Une cha\u00eene YouTube d&#039;astrologie et de coaching au service de votre r\u00e9ussite professionnelle\" width=\"500\" height=\"281\" src=\"https:\/\/www.youtube.com\/embed\/KRrkRxQG8_4?feature=oembed\" frameborder=\"0\" allow=\"accelerometer; autoplay; clipboard-write; encrypted-media; gyroscope; picture-in-picture; web-share\" referrerpolicy=\"strict-origin-when-cross-origin\" allowfullscreen><\/iframe>\n<\/div><\/figure>\n","protected":false},"excerpt":{"rendered":"<p>Je suis coach professionnelle et astrologue install\u00e9e \u00e0 Niort (Deux-S\u00e8vres, France). L&rsquo;astrologie me sert \u00e0 mieux saisir les points \u00e0 travailler chez mes clients et moi-m\u00eame, pour \u00eatre plus congruent. \u21aa\ufe0e Je suis coach certifi\u00e9e et praticienne en Programmation neuro-linguistique (PNL) de l&rsquo;Institut international de coaching (ICI) de Gen\u00e8ve. \u21aa\ufe0e Form\u00e9e \u00e9galement \u00e0 l&rsquo;analyse transactionnelle [&hellip;]<\/p>\n","protected":false},"author":1,"featured_media":94,"parent":0,"menu_order":1,"comment_status":"closed","ping_status":"closed","template":"","meta":{"footnotes":""},"class_list":["post-89","page","type-page","status-publish","has-post-thumbnail","hentry"],"_links":{"self":[{"href":"https:\/\/annegdhen-astro.fr\/index.php\/wp-json\/wp\/v2\/pages\/89","targetHints":{"allow":["GET"]}}],"collection":[{"href":"https:\/\/annegdhen-astro.fr\/index.php\/wp-json\/wp\/v2\/pages"}],"about":[{"href":"https:\/\/annegdhen-astro.fr\/index.php\/wp-json\/wp\/v2\/types\/page"}],"author":[{"embeddable":true,"href":"https:\/\/annegdhen-astro.fr\/index.php\/wp-json\/wp\/v2\/users\/1"}],"replies":[{"embeddable":true,"href":"https:\/\/annegdhen-astro.fr\/index.php\/wp-json\/wp\/v2\/comments?post=89"}],"version-history":[{"count":18,"href":"https:\/\/annegdhen-astro.fr\/index.php\/wp-json\/wp\/v2\/pages\/89\/revisions"}],"predecessor-version":[{"id":290,"href":"https:\/\/annegdhen-astro.fr\/index.php\/wp-json\/wp\/v2\/pages\/89\/revisions\/290"}],"wp:featuredmedia":[{"embeddable":true,"href":"https:\/\/annegdhen-astro.fr\/index.php\/wp-json\/wp\/v2\/media\/94"}],"wp:attachment":[{"href":"https:\/\/annegdhen-astro.fr\/index.php\/wp-json\/wp\/v2\/media?parent=89"}],"curies":[{"name":"wp","href":"https:\/\/api.w.org\/{rel}","templated":true}]}}