{"id":358,"date":"2026-01-13T16:52:03","date_gmt":"2026-01-13T16:52:03","guid":{"rendered":"https:\/\/annegdhen-astro.fr\/?page_id=358"},"modified":"2026-04-01T10:18:53","modified_gmt":"2026-04-01T10:18:53","slug":"art-et-astrologie","status":"publish","type":"page","link":"https:\/\/annegdhen-astro.fr\/index.php\/art-et-astrologie\/","title":{"rendered":"Art et astrologie"},"content":{"rendered":"\n<p class=\"has-medium-font-size\">Suivant un \u00ab\u00a0appel de mon \u00e2me\u00a0\u00bb, j&rsquo;ai d\u00e9cid\u00e9 de partager sur Art Majeur mes inspirations artistiques au fil des lunaisons. J&rsquo;y publie aussi des \u0153uvres sur la symbolique des plan\u00e8tes et des luminaires (le Soleil et la Lune). Elles sont souvent le fruit d&rsquo;introspections ou de r\u00e9flexions spirituelles sur notre lien avec l&rsquo;Univers. Nous appartenons au cosmos et, l&rsquo;astrologie t\u00e9moigne de l&rsquo;influence de ces \u00e9nergies sur notre inconscient ; comme l&rsquo;\u00e9voquait brillamment Hubert Reeves, nous sommes des poussi\u00e8res d&rsquo;\u00e9toiles : <a href=\"https:\/\/podcasts.institutdefrance.fr\/emissions\/parcours\/hubert-reeves-nous-sommes-tous-des-poussieres-detoiles\" data-type=\"link\" data-id=\"https:\/\/podcasts.institutdefrance.fr\/emissions\/parcours\/hubert-reeves-nous-sommes-tous-des-poussieres-detoiles\">voir l&rsquo;article de l&rsquo;Institut \u00e0 ce sujet<\/a>.<\/p>\n\n\n\n<p class=\"has-medium-font-size\">Mes cr\u00e9ations sont r\u00e9alis\u00e9es \u00e0 partir de l&rsquo;intelligence artificielle, de l&rsquo;art num\u00e9rique ou de dessins retravaill\u00e9s \u00e0 l&rsquo;ordinateur.<\/p>\n\n\n\n<p class=\"has-medium-font-size\">L&rsquo;essentiel pour moi est de faire r\u00e9fl\u00e9chir le spectateur sur les arch\u00e9types puissants auxquels sont reli\u00e9s les plan\u00e8tes en astrologie. <strong>Mon objectif est de vous inviter \u00e0 un voyage au c\u0153ur de l&rsquo;Inconscient<\/strong>, aussi bien  sa partie lumineuse qu&rsquo;obscur. En effet, l&rsquo;exploration de l&rsquo;Ombre est tout aussi int\u00e9ressante que son versant positif. Nos blocages rec\u00e8lent aussi un b\u00e9n\u00e9fice secondaire.<\/p>\n\n\n\n<p class=\"has-medium-font-size\">La mise en image des \u00e9nergies astrales en facilitent aussi l&rsquo;int\u00e9gration psychique, d&rsquo;autant qu&rsquo;elles sont l&rsquo;\u00e9manation de l\u2019inconscient collectif, comme le disait C.G. Jung.<\/p>\n\n\n\n<p class=\"has-medium-font-size\">Je vous invite \u00e0 d\u00e9couvrir mon univers, si cela vous tente. Vous pouvez vous abonner \u00e0 mon site Art Majeur, pour \u00eatre tenu au courant de mon actualit\u00e9 artistico-astrologique. \ud83d\ude0a<\/p>\n\n\n\n<p class=\"has-medium-font-size\">\u261e Cliquez sur l&rsquo;image ci-dessous pour acc\u00e9der \u00e0 mon site Art Majeur<\/p>\n\n\n\n<figure class=\"wp-block-image size-full\"><a href=\"http:\/\/www.annegdhen-art.com\" target=\"_blank\" rel=\" noreferrer noopener\"><img loading=\"lazy\" decoding=\"async\" width=\"725\" height=\"492\" src=\"https:\/\/annegdhen-astro.fr\/wp-content\/uploads\/2026\/03\/Anne-Gdhen-site-art.png\" alt=\"\" class=\"wp-image-385\" srcset=\"https:\/\/annegdhen-astro.fr\/wp-content\/uploads\/2026\/03\/Anne-Gdhen-site-art.png 725w, https:\/\/annegdhen-astro.fr\/wp-content\/uploads\/2026\/03\/Anne-Gdhen-site-art-300x204.png 300w\" sizes=\"auto, (max-width: 725px) 100vw, 725px\" \/><\/a><\/figure>\n\n\n\n<p><\/p>\n\n\n\n<p><\/p>\n\n\n\n<p class=\"has-medium-font-size\">Voici quelques ann\u00e9es, j&rsquo;ai eu l&rsquo;occasion de participer \u00e0 plusieurs actions en faveur des oiseaux. J&rsquo;ai ainsi pu r\u00e9aliser une exposition virtuelle avec le photographe niortais, Philippe Pillet, qui a travaill\u00e9 pour la Villa P\u00e9rochon de Niort.<\/p>\n\n\n\n<figure class=\"wp-block-image aligncenter size-full\"><img loading=\"lazy\" decoding=\"async\" width=\"1008\" height=\"632\" src=\"https:\/\/annegdhen-astro.fr\/wp-content\/uploads\/2026\/03\/Anne-Gdhen-Expo-virtuelle.png\" alt=\"\" class=\"wp-image-378\" srcset=\"https:\/\/annegdhen-astro.fr\/wp-content\/uploads\/2026\/03\/Anne-Gdhen-Expo-virtuelle.png 1008w, https:\/\/annegdhen-astro.fr\/wp-content\/uploads\/2026\/03\/Anne-Gdhen-Expo-virtuelle-300x188.png 300w, https:\/\/annegdhen-astro.fr\/wp-content\/uploads\/2026\/03\/Anne-Gdhen-Expo-virtuelle-768x482.png 768w\" sizes=\"auto, (max-width: 1008px) 100vw, 1008px\" \/><\/figure>\n\n\n\n<p class=\"has-medium-font-size\">Cette exposition virtuelle pr\u00e9sente plusieurs de ses photographies d&rsquo;oiseaux prises au parc ornithologique de Saint-Hilaire-la-Palud (Deux-S\u00e8vres). Personnellement, j&rsquo;ai ajout\u00e9 plusieurs commentaires pr\u00e9sentant les esp\u00e8ces d&rsquo;oiseaux et des po\u00e8mes (haikus, tankas, po\u00e8mes en vers libres).<\/p>\n\n\n\n<p class=\"has-medium-font-size\"><strong><a href=\"https:\/\/www.artsteps.com\/view\/5e8defb650eefa6289bd757a\" target=\"_blank\" rel=\"noreferrer noopener\">Voici le lien pour d\u00e9couvrir l&rsquo;exposition virtuelle<\/a><\/strong><\/p>\n\n\n\n<p class=\"has-medium-font-size\">De m\u00eame, en 2020, j&rsquo;ai r\u00e9alis\u00e9 un recueil de photographies et de po\u00e8mes autour de la nature au Printemps, publi\u00e9 en format num\u00e9rique sur Amazon. Il est une invitation \u00e0 mieux profiter de l&rsquo;instant pr\u00e9sent, en apprenant \u00e0 observer la beaut\u00e9 de la nature alentours. <\/p>\n\n\n\n<figure class=\"wp-block-image size-full\"><img loading=\"lazy\" decoding=\"async\" width=\"985\" height=\"433\" src=\"https:\/\/annegdhen-astro.fr\/wp-content\/uploads\/2026\/03\/Anne-Gdhen-livre-de-poesies.png\" alt=\"\" class=\"wp-image-380\" srcset=\"https:\/\/annegdhen-astro.fr\/wp-content\/uploads\/2026\/03\/Anne-Gdhen-livre-de-poesies.png 985w, https:\/\/annegdhen-astro.fr\/wp-content\/uploads\/2026\/03\/Anne-Gdhen-livre-de-poesies-300x132.png 300w, https:\/\/annegdhen-astro.fr\/wp-content\/uploads\/2026\/03\/Anne-Gdhen-livre-de-poesies-768x338.png 768w\" sizes=\"auto, (max-width: 985px) 100vw, 985px\" \/><\/figure>\n\n\n\n<p class=\"has-medium-font-size\"><a href=\"https:\/\/www.amazon.fr\/printemps-Recueil-po%C3%A9sies-m%C3%A9ditatives-ebook\/dp\/B08F4PDS8G\/ref=sr_1_1?__mk_fr_FR=%C3%85M%C3%85%C5%BD%C3%95%C3%91&amp;crid=2KYT94JL5OSS&amp;dib=eyJ2IjoiMSJ9.wLETzEsKgzprNvr6EMIVCA.jyXPTfLVCX9VhgQEDOeMCjGIqDM8l7_4P4BNIkDWlco&amp;dib_tag=se&amp;keywords=anne+gdhen&amp;qid=1773163587&amp;sprefix=anne+gdhen%2Caps%2C230&amp;sr=8-1\" target=\"_blank\" rel=\"noreferrer noopener\">Voici le lien vers Amazon<\/a><\/p>\n\n\n\n<p><\/p>\n","protected":false},"excerpt":{"rendered":"<p>Suivant un \u00ab\u00a0appel de mon \u00e2me\u00a0\u00bb, j&rsquo;ai d\u00e9cid\u00e9 de partager sur Art Majeur mes inspirations artistiques au fil des lunaisons. J&rsquo;y publie aussi des \u0153uvres sur la symbolique des plan\u00e8tes et des luminaires (le Soleil et la Lune). Elles sont souvent le fruit d&rsquo;introspections ou de r\u00e9flexions spirituelles sur notre lien avec l&rsquo;Univers. Nous appartenons [&hellip;]<\/p>\n","protected":false},"author":1,"featured_media":363,"parent":0,"menu_order":0,"comment_status":"closed","ping_status":"closed","template":"","meta":{"footnotes":""},"class_list":["post-358","page","type-page","status-publish","has-post-thumbnail","hentry"],"_links":{"self":[{"href":"https:\/\/annegdhen-astro.fr\/index.php\/wp-json\/wp\/v2\/pages\/358","targetHints":{"allow":["GET"]}}],"collection":[{"href":"https:\/\/annegdhen-astro.fr\/index.php\/wp-json\/wp\/v2\/pages"}],"about":[{"href":"https:\/\/annegdhen-astro.fr\/index.php\/wp-json\/wp\/v2\/types\/page"}],"author":[{"embeddable":true,"href":"https:\/\/annegdhen-astro.fr\/index.php\/wp-json\/wp\/v2\/users\/1"}],"replies":[{"embeddable":true,"href":"https:\/\/annegdhen-astro.fr\/index.php\/wp-json\/wp\/v2\/comments?post=358"}],"version-history":[{"count":11,"href":"https:\/\/annegdhen-astro.fr\/index.php\/wp-json\/wp\/v2\/pages\/358\/revisions"}],"predecessor-version":[{"id":400,"href":"https:\/\/annegdhen-astro.fr\/index.php\/wp-json\/wp\/v2\/pages\/358\/revisions\/400"}],"wp:featuredmedia":[{"embeddable":true,"href":"https:\/\/annegdhen-astro.fr\/index.php\/wp-json\/wp\/v2\/media\/363"}],"wp:attachment":[{"href":"https:\/\/annegdhen-astro.fr\/index.php\/wp-json\/wp\/v2\/media?parent=358"}],"curies":[{"name":"wp","href":"https:\/\/api.w.org\/{rel}","templated":true}]}}