{"id":219,"date":"2025-12-20T10:31:32","date_gmt":"2025-12-20T10:31:32","guid":{"rendered":"https:\/\/annegdhen-astro.fr\/?page_id=219"},"modified":"2025-12-26T11:37:58","modified_gmt":"2025-12-26T11:37:58","slug":"blog-dastrologie-et-de-coaching-au-service-de-votre-reussite-professionnelle","status":"publish","type":"page","link":"https:\/\/annegdhen-astro.fr\/index.php\/blog-dastrologie-et-de-coaching-au-service-de-votre-reussite-professionnelle\/","title":{"rendered":"Blog d&rsquo;astrologie et de coaching"},"content":{"rendered":"\n<h2 class=\"wp-block-heading\">Des articles et vid\u00e9os pour vous aider \u00e0 r\u00e9ussir professionnellement<\/h2>\n\n\n<ul class=\"wp-block-latest-posts__list has-dates has-author wp-block-latest-posts has-medium-font-size\"><li><div class=\"wp-block-latest-posts__featured-image\"><img loading=\"lazy\" decoding=\"async\" width=\"150\" height=\"150\" src=\"https:\/\/annegdhen-astro.fr\/wp-content\/uploads\/2026\/01\/NL-Capricorne-affiche-150x150.jpg\" class=\"attachment-thumbnail size-thumbnail wp-post-image\" alt=\"\" style=\"\" \/><\/div><a class=\"wp-block-latest-posts__post-title\" href=\"https:\/\/annegdhen-astro.fr\/index.php\/2026\/01\/13\/nouvelle-lune-en-capricorne-du-18-janvier-quavez-vous-envie-de-construire-en-2026\/\">Nouvelle Lune en Capricorne du 18 janvier : qu&rsquo;avez-vous envie de construire en 2026 ?<\/a><div class=\"wp-block-latest-posts__post-author\">par Anne Gdhen<\/div><time datetime=\"2026-01-13T16:19:57+00:00\" class=\"wp-block-latest-posts__post-date\">janvier 13, 2026<\/time><div class=\"wp-block-latest-posts__post-excerpt\">Comment tirer le meilleur b\u00e9n\u00e9fice de ce cycle astrologique ? Avant de vouloir construire de nouveaux projets en 2026, Il me semble n\u00e9cessaire d&rsquo;abord d&rsquo;avoir r\u00e9fl\u00e9chi et int\u00e9gr\u00e9 les influx plan\u00e9taires de d\u00e9cembre 2025. Voici la vid\u00e9o \u00e0 ce sujet ci-dessous : Nouvelle Lune en Capricorne : comment planifier votre ann\u00e9e en conscience ? Un\u2026 <a class=\"wp-block-latest-posts__read-more\" href=\"https:\/\/annegdhen-astro.fr\/index.php\/2026\/01\/13\/nouvelle-lune-en-capricorne-du-18-janvier-quavez-vous-envie-de-construire-en-2026\/\" rel=\"noopener noreferrer\">Lire la suite<span class=\"screen-reader-text\">\u00a0: Nouvelle Lune en Capricorne du 18 janvier : qu&rsquo;avez-vous envie de construire en 2026 ?<\/span><\/a><\/div><\/li>\n<li><div class=\"wp-block-latest-posts__featured-image\"><img loading=\"lazy\" decoding=\"async\" width=\"150\" height=\"150\" src=\"https:\/\/annegdhen-astro.fr\/wp-content\/uploads\/2026\/01\/PL-Cancer-affiche-150x150.jpg\" class=\"attachment-thumbnail size-thumbnail wp-post-image\" alt=\"\" style=\"\" \/><\/div><a class=\"wp-block-latest-posts__post-title\" href=\"https:\/\/annegdhen-astro.fr\/index.php\/2026\/01\/01\/pleine-lune-en-cancer-du-3-janvier-avez-vous-su-trouver-lequilibre\/\">Pleine Lune en Cancer du 3 janvier : avez-vous su trouver l\u2019\u00e9quilibre ?<\/a><div class=\"wp-block-latest-posts__post-author\">par Anne Gdhen<\/div><time datetime=\"2026-01-01T16:45:58+00:00\" class=\"wp-block-latest-posts__post-date\">janvier 1, 2026<\/time><div class=\"wp-block-latest-posts__post-excerpt\">Cette Pleine Lune en Cancer nous invite \u00e0 faire le bilan de notre ann\u00e9e 2025, avant de poser nos intentions 2026 lors de la Nouvelle Lune en Capricorne du 18 janvier. L&rsquo;axe Cancer-Capricorne met notamment en exergue les domaines de vie autour du foyer et de la carri\u00e8re. Voici quelques questions \u00e0 se poser lors\u2026 <a class=\"wp-block-latest-posts__read-more\" href=\"https:\/\/annegdhen-astro.fr\/index.php\/2026\/01\/01\/pleine-lune-en-cancer-du-3-janvier-avez-vous-su-trouver-lequilibre\/\" rel=\"noopener noreferrer\">Lire la suite<span class=\"screen-reader-text\">\u00a0: Pleine Lune en Cancer du 3 janvier : avez-vous su trouver l\u2019\u00e9quilibre ?<\/span><\/a><\/div><\/li>\n<li><div class=\"wp-block-latest-posts__featured-image\"><img loading=\"lazy\" decoding=\"async\" width=\"150\" height=\"150\" src=\"https:\/\/annegdhen-astro.fr\/wp-content\/uploads\/2025\/12\/1QL-Belier-150x150.jpg\" class=\"attachment-thumbnail size-thumbnail wp-post-image\" alt=\"\" style=\"\" \/><\/div><a class=\"wp-block-latest-posts__post-title\" href=\"https:\/\/annegdhen-astro.fr\/index.php\/2025\/12\/23\/le-premier-quartier-de-la-lune-en-belier-nous-invite-a-sortir-de-notre-propre-enfer\/\">Le premier quartier de la Lune en B\u00e9lier nous invite \u00e0 sortir de notre propre Enfer<\/a><div class=\"wp-block-latest-posts__post-author\">par Anne Gdhen<\/div><time datetime=\"2025-12-23T11:27:37+00:00\" class=\"wp-block-latest-posts__post-date\">d\u00e9cembre 23, 2025<\/time><div class=\"wp-block-latest-posts__post-excerpt\">Les 27 et 28 d\u00e9cembre 2025, la Lune en B\u00e9lier en triple carr\u00e9 au Soleil, \u00e0 V\u00e9nus et Mars en Capricorne nous pousse \u00e0 activer notre Guerrier int\u00e9rieur, pour concr\u00e9tiser nos projets. Lors de la Nouvelle Lune en Sagittaire (cf mon article \u00e0 ce sujet), les astres nous ont invit\u00e9 \u00e0 poser nos intentions pour\u2026 <a class=\"wp-block-latest-posts__read-more\" href=\"https:\/\/annegdhen-astro.fr\/index.php\/2025\/12\/23\/le-premier-quartier-de-la-lune-en-belier-nous-invite-a-sortir-de-notre-propre-enfer\/\" rel=\"noopener noreferrer\">Lire la suite<span class=\"screen-reader-text\">\u00a0: Le premier quartier de la Lune en B\u00e9lier nous invite \u00e0 sortir de notre propre Enfer<\/span><\/a><\/div><\/li>\n<li><div class=\"wp-block-latest-posts__featured-image\"><img loading=\"lazy\" decoding=\"async\" width=\"150\" height=\"150\" src=\"https:\/\/annegdhen-astro.fr\/wp-content\/uploads\/2025\/12\/conflits-au-travail-titre-150x150.jpg\" class=\"attachment-thumbnail size-thumbnail wp-post-image\" alt=\"\" style=\"\" \/><\/div><a class=\"wp-block-latest-posts__post-title\" href=\"https:\/\/annegdhen-astro.fr\/index.php\/2025\/12\/20\/comment-rester-zen-si-vous-rencontrez-des-conflits-au-travail\/\">Comment rester zen si vous rencontrez des conflits au travail ?<\/a><div class=\"wp-block-latest-posts__post-author\">par Anne Gdhen<\/div><time datetime=\"2025-12-20T17:43:22+00:00\" class=\"wp-block-latest-posts__post-date\">d\u00e9cembre 20, 2025<\/time><div class=\"wp-block-latest-posts__post-excerpt\">\u27a5 Ou du bon usage de l\u2019astrologie et de la loi d\u2019attraction pour se sortir des soucis \ud83d\ude0f Je vous partage ici mon propre t\u00e9moignage : En 2011, j&rsquo;ai travers\u00e9 une grave p\u00e9riode de turbulences au travail suite \u00e0 une mutation professionnelle. Au d\u00e9but, j&rsquo;\u00e9tais tr\u00e8s heureuse de changer de poste, et puis ce furent\u2026 <a class=\"wp-block-latest-posts__read-more\" href=\"https:\/\/annegdhen-astro.fr\/index.php\/2025\/12\/20\/comment-rester-zen-si-vous-rencontrez-des-conflits-au-travail\/\" rel=\"noopener noreferrer\">Lire la suite<span class=\"screen-reader-text\">\u00a0: Comment rester zen si vous rencontrez des conflits au travail ?<\/span><\/a><\/div><\/li>\n<li><div class=\"wp-block-latest-posts__featured-image\"><img loading=\"lazy\" decoding=\"async\" width=\"150\" height=\"150\" src=\"https:\/\/annegdhen-astro.fr\/wp-content\/uploads\/2025\/12\/besoins-valeurs-talents-titre-150x150.jpg\" class=\"attachment-thumbnail size-thumbnail wp-post-image\" alt=\"\" style=\"\" \/><\/div><a class=\"wp-block-latest-posts__post-title\" href=\"https:\/\/annegdhen-astro.fr\/index.php\/2025\/12\/20\/comment-identifier-votre-vision-et-vos-valeurs-grace-a-lastrologie-et-au-coaching\/\">Comment identifier votre vision, vos besoins et vos valeurs gr\u00e2ce \u00e0 l&rsquo;astrologie et au coaching ?<\/a><div class=\"wp-block-latest-posts__post-author\">par Anne Gdhen<\/div><time datetime=\"2025-12-20T16:29:17+00:00\" class=\"wp-block-latest-posts__post-date\">d\u00e9cembre 20, 2025<\/time><div class=\"wp-block-latest-posts__post-excerpt\">je voulais vous partager dans cette vid\u00e9o un sujet qui me tient particuli\u00e8rement \u00e0 c\u0153ur, qui \u00e9tait l&rsquo;utilit\u00e9 de l&rsquo;astrologie, notamment professionnellement. Souvent, on r\u00e9duit l&rsquo;astrologie \u00e0 l&rsquo;horoscope dans les journaux. Mais l&rsquo;astrologie est une discipline beaucoup plus complexe. Elle m&rsquo;a aid\u00e9e \u00e0 me conna\u00eetre, autant mes forces que mes points de blocage et comprendre\u2026 <a class=\"wp-block-latest-posts__read-more\" href=\"https:\/\/annegdhen-astro.fr\/index.php\/2025\/12\/20\/comment-identifier-votre-vision-et-vos-valeurs-grace-a-lastrologie-et-au-coaching\/\" rel=\"noopener noreferrer\">Lire la suite<span class=\"screen-reader-text\">\u00a0: Comment identifier votre vision, vos besoins et vos valeurs gr\u00e2ce \u00e0 l&rsquo;astrologie et au coaching ?<\/span><\/a><\/div><\/li>\n<li><div class=\"wp-block-latest-posts__featured-image\"><img loading=\"lazy\" decoding=\"async\" width=\"150\" height=\"150\" src=\"https:\/\/annegdhen-astro.fr\/wp-content\/uploads\/2025\/12\/Jupiter-en-Cancer-affiche-150x150.jpg\" class=\"attachment-thumbnail size-thumbnail wp-post-image\" alt=\"\" style=\"\" \/><\/div><a class=\"wp-block-latest-posts__post-title\" href=\"https:\/\/annegdhen-astro.fr\/index.php\/2025\/12\/20\/quelle-est-linfluence-de-lentree-de-jupiter-en-cancer-sur-votre-vie\/\">Quelle est l&rsquo;influence de l&rsquo;entr\u00e9e de Jupiter en Cancer sur votre vie ?<\/a><div class=\"wp-block-latest-posts__post-author\">par Anne Gdhen<\/div><time datetime=\"2025-12-20T11:19:35+00:00\" class=\"wp-block-latest-posts__post-date\">d\u00e9cembre 20, 2025<\/time><div class=\"wp-block-latest-posts__post-excerpt\">Quel est son impact g\u00e9n\u00e9ral ? Le transit de la plan\u00e8te Jupiter sur le signe du Cancer va durer un peu plus d\u2019un an, soit du 10 juin 2025 au 30 juin 2026. Le Cancer est un signe du Zodiaque de mode cardinal, qui annonce le d\u00e9but de l\u2019\u00e9t\u00e9 (le Soleil entre dans ce signe\u2026 <a class=\"wp-block-latest-posts__read-more\" href=\"https:\/\/annegdhen-astro.fr\/index.php\/2025\/12\/20\/quelle-est-linfluence-de-lentree-de-jupiter-en-cancer-sur-votre-vie\/\" rel=\"noopener noreferrer\">Lire la suite<span class=\"screen-reader-text\">\u00a0: Quelle est l&rsquo;influence de l&rsquo;entr\u00e9e de Jupiter en Cancer sur votre vie ?<\/span><\/a><\/div><\/li>\n<li><div class=\"wp-block-latest-posts__featured-image\"><img loading=\"lazy\" decoding=\"async\" width=\"150\" height=\"150\" src=\"https:\/\/annegdhen-astro.fr\/wp-content\/uploads\/2025\/12\/Lune-affiche-150x150.jpg\" class=\"attachment-thumbnail size-thumbnail wp-post-image\" alt=\"\" style=\"\" \/><\/div><a class=\"wp-block-latest-posts__post-title\" href=\"https:\/\/annegdhen-astro.fr\/index.php\/2025\/12\/19\/nouvelle-lune-en-sagittaire-du-20-decembre-vos-projets-sont-ils-bien-en-phase-avec-votre-ame\/\">Nouvelle Lune en Sagittaire du 20 d\u00e9cembre : vos projets sont-ils bien en phase avec votre \u00e2me ?<\/a><div class=\"wp-block-latest-posts__post-author\">par Anne Gdhen<\/div><time datetime=\"2025-12-19T17:29:24+00:00\" class=\"wp-block-latest-posts__post-date\">d\u00e9cembre 19, 2025<\/time><div class=\"wp-block-latest-posts__post-excerpt\">Je vous souhaite un Joyeux No\u00ebl et d\u2019excellentes f\u00eates de fin d\u2019ann\u00e9e ! \ud83e\udd70 La Nouvelle Lune en Sagittaire en double carr\u00e9 avec Saturne Neptune en Poissons t\u00e9moigne d\u2019un d\u00e9phasage entre nos ambitions ou d\u00e9sirs de r\u00e9ussite et les aspirations profondes de notre \u00e2me (cf Jupiter r\u00e9trograde en trigone avec Saturne Neptune en Poissons). \u27a5\u2026 <a class=\"wp-block-latest-posts__read-more\" href=\"https:\/\/annegdhen-astro.fr\/index.php\/2025\/12\/19\/nouvelle-lune-en-sagittaire-du-20-decembre-vos-projets-sont-ils-bien-en-phase-avec-votre-ame\/\" rel=\"noopener noreferrer\">Lire la suite<span class=\"screen-reader-text\">\u00a0: Nouvelle Lune en Sagittaire du 20 d\u00e9cembre : vos projets sont-ils bien en phase avec votre \u00e2me ?<\/span><\/a><\/div><\/li>\n<\/ul>\n\n\n<h2 class=\"wp-block-heading has-text-align-left is-style-text-subtitle is-style-text-subtitle--13\">Rechercher un mot-cl\u00e9 ou un article<\/h2>\n\n\n<form role=\"search\" method=\"get\" action=\"https:\/\/annegdhen-astro.fr\/\" class=\"wp-block-search__button-outside wp-block-search__text-button wp-block-search\"    ><label class=\"wp-block-search__label\" for=\"wp-block-search__input-14\" >Rechercher<\/label><div class=\"wp-block-search__inside-wrapper\" ><input class=\"wp-block-search__input\" id=\"wp-block-search__input-14\" placeholder=\"\" value=\"\" type=\"search\" name=\"s\" required \/><button aria-label=\"Rechercher\" class=\"wp-block-search__button wp-element-button\" type=\"submit\" >Rechercher<\/button><\/div><\/form>","protected":false},"excerpt":{"rendered":"<p>Des articles et vid\u00e9os pour vous aider \u00e0 r\u00e9ussir professionnellement Rechercher un mot-cl\u00e9 ou un article<\/p>\n","protected":false},"author":1,"featured_media":220,"parent":0,"menu_order":3,"comment_status":"closed","ping_status":"closed","template":"","meta":{"footnotes":""},"class_list":["post-219","page","type-page","status-publish","has-post-thumbnail","hentry"],"_links":{"self":[{"href":"https:\/\/annegdhen-astro.fr\/index.php\/wp-json\/wp\/v2\/pages\/219","targetHints":{"allow":["GET"]}}],"collection":[{"href":"https:\/\/annegdhen-astro.fr\/index.php\/wp-json\/wp\/v2\/pages"}],"about":[{"href":"https:\/\/annegdhen-astro.fr\/index.php\/wp-json\/wp\/v2\/types\/page"}],"author":[{"embeddable":true,"href":"https:\/\/annegdhen-astro.fr\/index.php\/wp-json\/wp\/v2\/users\/1"}],"replies":[{"embeddable":true,"href":"https:\/\/annegdhen-astro.fr\/index.php\/wp-json\/wp\/v2\/comments?post=219"}],"version-history":[{"count":16,"href":"https:\/\/annegdhen-astro.fr\/index.php\/wp-json\/wp\/v2\/pages\/219\/revisions"}],"predecessor-version":[{"id":277,"href":"https:\/\/annegdhen-astro.fr\/index.php\/wp-json\/wp\/v2\/pages\/219\/revisions\/277"}],"wp:featuredmedia":[{"embeddable":true,"href":"https:\/\/annegdhen-astro.fr\/index.php\/wp-json\/wp\/v2\/media\/220"}],"wp:attachment":[{"href":"https:\/\/annegdhen-astro.fr\/index.php\/wp-json\/wp\/v2\/media?parent=219"}],"curies":[{"name":"wp","href":"https:\/\/api.w.org\/{rel}","templated":true}]}}