{"id":125,"date":"2025-12-06T16:53:49","date_gmt":"2025-12-06T16:53:49","guid":{"rendered":"https:\/\/annegdhen-astro.fr\/?page_id=125"},"modified":"2026-03-26T11:35:00","modified_gmt":"2026-03-26T11:35:00","slug":"mes-accompagnements","status":"publish","type":"page","link":"https:\/\/annegdhen-astro.fr\/index.php\/mes-accompagnements\/","title":{"rendered":"Mes accompagnements"},"content":{"rendered":"\n<h2 class=\"wp-block-heading has-text-align-center\"><strong>Quelle est votre difficult\u00e9 professionnelle actuelle ?<\/strong><\/h2>\n\n\n\n<p class=\"has-text-align-center has-medium-font-size\">Cliquez ci-dessous sur ce diaporama interactif, pour en savoir plus. <\/p>\n\n\n\n<div style=\"position: relative; width: 100%; height: 0; padding-top: 56.2500%;\n padding-bottom: 0; box-shadow: 0 2px 8px 0 rgba(63,69,81,0.16); margin-top: 1.6em; margin-bottom: 0.9em; overflow: hidden;\n border-radius: 8px; will-change: transform;\">\n  <iframe loading=\"lazy\" style=\"position: absolute; width: 100%; height: 100%; top: 0; left: 0; border: none; padding: 0;margin: 0;\"\n    src=\"https:\/\/www.canva.com\/design\/DAG3qA2ptzY\/iH-EGqUgIBLg9WxUymzBuA\/view?embed\" allowfullscreen=\"allowfullscreen\" allow=\"fullscreen\">\n  <\/iframe>\n<\/div>\n<a href=\"https:&#x2F;&#x2F;www.canva.com&#x2F;design&#x2F;DAG3qA2ptzY&#x2F;iH-EGqUgIBLg9WxUymzBuA&#x2F;view?utm_content=DAG3qA2ptzY&amp;utm_campaign=designshare&amp;utm_medium=embeds&amp;utm_source=link\" target=\"_blank\" rel=\"noopener\">Mes accompagnements-carte mentale<\/a> par Anne Gdhen\n\n\n\n<p class=\"has-text-align-center\">Vous pouvez zoomer le diaporama en cliquant sur les deux fl\u00e8ches, en bas \u00e0 droite. Puis, appuyez sur ESC pour revenir \u00e0 l&rsquo;\u00e9cran normal.<\/p>\n\n\n\n<div class=\"wp-block-buttons is-content-justification-center is-layout-flex wp-container-core-buttons-is-layout-a89b3969 wp-block-buttons-is-layout-flex\">\n<div class=\"wp-block-button\"><a class=\"wp-block-button__link has-text-align-center wp-element-button\" href=\"https:\/\/subscribepage.io\/PgYcYD\" target=\"_blank\" rel=\"noreferrer noopener\"><strong>Demandez 1 RV<\/strong><\/a><\/div>\n<\/div>\n\n\n\n<p class=\"has-text-align-center has-medium-font-size\">Sinon vous pouvez lire les descriptifs ci-dessous.<\/p>\n\n\n\n<figure class=\"wp-block-video aligncenter\"><video height=\"1080\" style=\"aspect-ratio: 1920 \/ 1080;\" width=\"1920\" controls src=\"https:\/\/annegdhen-astro.fr\/wp-content\/uploads\/2025\/12\/Mes-accompagnements-intro.mp4\"><\/video><\/figure>\n\n\n\n<figure class=\"wp-block-image aligncenter size-full is-resized\"><img loading=\"lazy\" decoding=\"async\" width=\"535\" height=\"506\" src=\"https:\/\/annegdhen-astro.fr\/wp-content\/uploads\/2025\/12\/Anne-Gdhen-ennui-au-travail-image.png\" alt=\"\" class=\"wp-image-297\" style=\"width:401px;height:auto\" srcset=\"https:\/\/annegdhen-astro.fr\/wp-content\/uploads\/2025\/12\/Anne-Gdhen-ennui-au-travail-image.png 535w, https:\/\/annegdhen-astro.fr\/wp-content\/uploads\/2025\/12\/Anne-Gdhen-ennui-au-travail-image-300x284.png 300w\" sizes=\"auto, (max-width: 535px) 100vw, 535px\" \/><figcaption class=\"wp-element-caption\">Ennui au travail <\/figcaption><\/figure>\n\n\n\n<h3 class=\"wp-block-heading has-text-align-center\"><strong>Vous vous ennuyez au travail ?<\/strong><\/h3>\n\n\n\n<p class=\"has-text-align-center has-medium-font-size\"><strong>Vous souffrez sans doute de bore-out ou de brown-out<\/strong><\/p>\n\n\n\n<p class=\"has-medium-font-size\">Vos journ\u00e9es de travail vous semblent interminables ! Vous vous demandez \u00e0 quoi vous servez et ce que vous faites l\u00e0 !<\/p>\n\n\n\n<p class=\"has-text-align-center has-medium-font-size\"><\/p>\n\n\n\n<figure class=\"wp-block-image aligncenter size-full is-resized\"><img loading=\"lazy\" decoding=\"async\" width=\"507\" height=\"485\" src=\"https:\/\/annegdhen-astro.fr\/wp-content\/uploads\/2025\/12\/Anne-Gdhen-impasse-pro-image.png\" alt=\"\" class=\"wp-image-304\" style=\"width:340px;height:auto\" srcset=\"https:\/\/annegdhen-astro.fr\/wp-content\/uploads\/2025\/12\/Anne-Gdhen-impasse-pro-image.png 507w, https:\/\/annegdhen-astro.fr\/wp-content\/uploads\/2025\/12\/Anne-Gdhen-impasse-pro-image-300x287.png 300w\" sizes=\"auto, (max-width: 507px) 100vw, 507px\" \/><\/figure>\n\n\n\n<h3 class=\"wp-block-heading has-text-align-center\"><strong>Vous vous sentez dans une impasse professionnellement ? <\/strong><\/h3>\n\n\n\n<p class=\"has-medium-font-size\">Vous avez peur de l&rsquo;avenir, mais vous craignez de postuler ailleurs par crainte d&rsquo;un nouvel \u00e9chec professionnel. Vous avez d\u00e9sormais une mauvaise image de vous-m\u00eame, et vous ne vous faites plus confiance.<\/p>\n\n\n\n<p class=\"is-style-text-annotation has-medium-font-size is-style-text-annotation--1\">D\u00e9couvrez mon article sur ce sujet, notamment <strong><a href=\"https:\/\/annegdhen-astro.fr\/index.php\/2025\/12\/23\/le-premier-quartier-de-la-lune-en-belier-nous-invite-a-sortir-de-notre-propre-enfer\/\" data-type=\"link\" data-id=\"https:\/\/annegdhen-astro.fr\/index.php\/2025\/12\/23\/le-premier-quartier-de-la-lune-en-belier-nous-invite-a-sortir-de-notre-propre-enfer\/\" target=\"_blank\" rel=\"noreferrer noopener\">comment sortir de ses propres enfer(mements)<\/a><\/strong><\/p>\n\n\n\n<figure class=\"wp-block-image aligncenter size-full is-resized\"><img loading=\"lazy\" decoding=\"async\" width=\"516\" height=\"486\" src=\"https:\/\/annegdhen-astro.fr\/wp-content\/uploads\/2025\/12\/Anne-Gdhen-retraite-difficile-image.png\" alt=\"\" class=\"wp-image-308\" style=\"aspect-ratio:1.0617403671349104;width:324px;height:auto\" srcset=\"https:\/\/annegdhen-astro.fr\/wp-content\/uploads\/2025\/12\/Anne-Gdhen-retraite-difficile-image.png 516w, https:\/\/annegdhen-astro.fr\/wp-content\/uploads\/2025\/12\/Anne-Gdhen-retraite-difficile-image-300x283.png 300w\" sizes=\"auto, (max-width: 516px) 100vw, 516px\" \/><\/figure>\n\n\n\n<h3 class=\"wp-block-heading has-text-align-center\"><strong>Vous vivez une retraite difficile ?<\/strong><\/h3>\n\n\n\n<p class=\"has-medium-font-size\">Vos journ\u00e9es de vous semblent interminables ! Vous regrettez votre vie professionnelle \u201cid\u00e9ale\u201d&#8230;<\/p>\n\n\n\n<p class=\"has-medium-font-size\">Vous vous demandez \u00e0 quoi vous servez et ce que vous faites l\u00e0 ! <\/p>\n\n\n\n<p><\/p>\n\n\n\n<h3 class=\"wp-block-heading has-text-align-center\"><strong>Mes pr\u00e9conisations<\/strong><\/h3>\n\n\n\n<p class=\"has-text-align-center is-style-text-annotation has-medium-font-size is-style-text-annotation--2\">Mieux <strong>identifier vos besoins, vos forces<\/strong> <strong>&amp; vos points de blocage<\/strong>, pour red\u00e9finir un nouvel objectif de vie plus align\u00e9 avec votre personnalit\u00e9.<\/p>\n\n\n\n<p class=\"has-medium-font-size\">\u27a5 Je vous invite aussi \u00e0 lire <a href=\"https:\/\/annegdhen-astro.fr\/index.php\/2025\/12\/20\/comment-identifier-votre-vision-et-vos-valeurs-grace-a-lastrologie-et-au-coaching\/\" data-type=\"link\" data-id=\"https:\/\/annegdhen-astro.fr\/index.php\/2025\/12\/20\/comment-identifier-votre-vision-et-vos-valeurs-grace-a-lastrologie-et-au-coaching\/\" target=\"_blank\" rel=\"noreferrer noopener\"><strong>mon article \u00e0 ce sujet<\/strong><\/a> <\/p>\n\n\n\n<p class=\"has-text-align-center has-medium-font-size\">Pour ce faire, je vous propose :<\/p>\n\n\n\n<h2 class=\"wp-block-heading has-text-align-center\"><mark style=\"background-color:#ecbd57\" class=\"has-inline-color\">Le <strong>Forfait Diagnostic<\/strong><\/mark><\/h2>\n\n\n\n<figure class=\"wp-block-image aligncenter size-full is-resized\"><img loading=\"lazy\" decoding=\"async\" width=\"1000\" height=\"1000\" src=\"https:\/\/annegdhen-astro.fr\/wp-content\/uploads\/2026\/03\/forfait-diagnostic-affichette.jpg\" alt=\"\" class=\"wp-image-395\" style=\"width:440px;height:auto\" srcset=\"https:\/\/annegdhen-astro.fr\/wp-content\/uploads\/2026\/03\/forfait-diagnostic-affichette.jpg 1000w, https:\/\/annegdhen-astro.fr\/wp-content\/uploads\/2026\/03\/forfait-diagnostic-affichette-300x300.jpg 300w, https:\/\/annegdhen-astro.fr\/wp-content\/uploads\/2026\/03\/forfait-diagnostic-affichette-150x150.jpg 150w, https:\/\/annegdhen-astro.fr\/wp-content\/uploads\/2026\/03\/forfait-diagnostic-affichette-768x768.jpg 768w\" sizes=\"auto, (max-width: 1000px) 100vw, 1000px\" \/><\/figure>\n\n\n\n<p class=\"has-medium-font-size\">Analyse de la Lune et V\u00e9nus natales avec d\u2019autres points du th\u00e8me natal, pour <strong>identifier vos besoins fondamentaux, afin d&rsquo;\u00eatre mieux au travail<\/strong> ou dans votre vie en g\u00e9n\u00e9ral. <\/p>\n\n\n\n<p class=\"has-medium-font-size\">Par exemple, si vous \u00eates retrait\u00e9(e) ou en mal-\u00eatre professionnel, l&rsquo;\u00e9valuation de vos besoins vous permettra de comprendre pour quelles raisons vous \u00eates en souffrance. Le coaching vous aidera ensuite \u00e0 d\u00e9finir un nouvel objectif de vie plus align\u00e9 avec vos attentes profondes.<\/p>\n\n\n\n<p class=\"has-medium-font-size\"><strong>1 s\u00e9ance individuelle de 1H15<\/strong><\/p>\n\n\n\n<p class=\"has-medium-font-size\"><strong>\u27a5 Inclus 1 formation en ligne (1H ) :<\/strong> <em>Je renforce ma guidance int\u00e9rieure<\/em><\/p>\n\n\n\n<p class=\"has-medium-font-size\"><strong>Tarif : 84 \u20ac ou 3 x 28 \u20ac<\/strong><\/p>\n\n\n\n<h2 class=\"wp-block-heading has-text-align-center\"><mark style=\"background-color:#ecbd57\" class=\"has-inline-color\">Le <strong>Forfait Connaissance de soi<\/strong><\/mark><\/h2>\n\n\n\n<figure class=\"wp-block-image aligncenter size-full is-resized\"><img loading=\"lazy\" decoding=\"async\" width=\"1000\" height=\"1000\" src=\"https:\/\/annegdhen-astro.fr\/wp-content\/uploads\/2026\/01\/Anne-Gdhen-forfait-connaissance-de-soi.jpg\" alt=\"\" class=\"wp-image-368\" style=\"width:413px;height:auto\" srcset=\"https:\/\/annegdhen-astro.fr\/wp-content\/uploads\/2026\/01\/Anne-Gdhen-forfait-connaissance-de-soi.jpg 1000w, https:\/\/annegdhen-astro.fr\/wp-content\/uploads\/2026\/01\/Anne-Gdhen-forfait-connaissance-de-soi-300x300.jpg 300w, https:\/\/annegdhen-astro.fr\/wp-content\/uploads\/2026\/01\/Anne-Gdhen-forfait-connaissance-de-soi-150x150.jpg 150w, https:\/\/annegdhen-astro.fr\/wp-content\/uploads\/2026\/01\/Anne-Gdhen-forfait-connaissance-de-soi-768x768.jpg 768w\" sizes=\"auto, (max-width: 1000px) 100vw, 1000px\" \/><\/figure>\n\n\n\n<p class=\"has-medium-font-size\"><strong>Au choix :<\/strong><\/p>\n\n\n\n<p class=\"has-medium-font-size\"><strong>Analyse compl\u00e8te du th\u00e8me natal<\/strong> pour identifier vos talents, vos besoins et vos blocages internes.<\/p>\n\n\n\n<p><strong>OU<\/strong><\/p>\n\n\n\n<p class=\"has-medium-font-size\"><strong>Analyse compl\u00e8te du th\u00e8me natal progress\u00e9 <\/strong>pour comprendre l\u2019\u00e9volution de votre personnalit\u00e9 actuelle &amp; les points \u00e0 travailler pour d\u00e9passer vos r\u00e9sistances int\u00e9rieures.<\/p>\n\n\n\n<p class=\"has-medium-font-size\"><strong>1 s\u00e9ance individuelle de 1H30<\/strong><\/p>\n\n\n\n<p class=\"has-medium-font-size\">\u261e <strong>Inclus 1 formation en ligne (2H ) :<\/strong> <em>J<em>\u2019active la loi d\u2019attraction<\/em><\/em><\/p>\n\n\n\n<p class=\"has-medium-font-size\"><strong>Tarif : 159 \u20ac ou 3 x 53 \u20ac<\/strong><\/p>\n\n\n\n<h2 class=\"wp-block-heading has-text-align-center\"><mark style=\"background-color:#ecbd57\" class=\"has-inline-color\"> Le <strong>Forfait Lib\u00e9ration des blocages<\/strong> <strong>int\u00e9rieurs<\/strong><\/mark><\/h2>\n\n\n\n<figure class=\"wp-block-image aligncenter size-full is-resized\"><img loading=\"lazy\" decoding=\"async\" width=\"1000\" height=\"1000\" src=\"https:\/\/annegdhen-astro.fr\/wp-content\/uploads\/2026\/01\/Anne-Gdhen-forfait-liberation-des-blocages-interieurs.jpg\" alt=\"\" class=\"wp-image-370\" style=\"width:477px;height:auto\" srcset=\"https:\/\/annegdhen-astro.fr\/wp-content\/uploads\/2026\/01\/Anne-Gdhen-forfait-liberation-des-blocages-interieurs.jpg 1000w, https:\/\/annegdhen-astro.fr\/wp-content\/uploads\/2026\/01\/Anne-Gdhen-forfait-liberation-des-blocages-interieurs-300x300.jpg 300w, https:\/\/annegdhen-astro.fr\/wp-content\/uploads\/2026\/01\/Anne-Gdhen-forfait-liberation-des-blocages-interieurs-150x150.jpg 150w, https:\/\/annegdhen-astro.fr\/wp-content\/uploads\/2026\/01\/Anne-Gdhen-forfait-liberation-des-blocages-interieurs-768x768.jpg 768w\" sizes=\"auto, (max-width: 1000px) 100vw, 1000px\" \/><\/figure>\n\n\n\n<p class=\"has-medium-font-size\">Vous avez la sensation d&rsquo;\u00eatre dans un cercle infernal sans trouver une issue, quoique vous fassiez ?<\/p>\n\n\n\n<p class=\"has-medium-font-size\">\u261e Je vous propose un travail sur les <strong>Lunes Noires, <\/strong><strong>Chiron natal<\/strong><strong>, Pluton et autres points bloquants<\/strong>, puis l\u2019analyse des principaux <strong>transits actuels<\/strong> par rapport \u00e0 votre th\u00e8me natal.<\/p>\n\n\n\n<h3 class=\"wp-block-heading has-medium-font-size\"><strong>3 <\/strong><strong>s\u00e9ances individuels de 1H30<\/strong><\/h3>\n\n\n\n<ul class=\"wp-block-list\">\n<li class=\"has-medium-font-size\">1 s\u00e9ance sur les Lunes noires<\/li>\n\n\n\n<li class=\"has-medium-font-size\">1 s\u00e9ance sur les autres points de blocages (Pluton, Chiron, etc)<\/li>\n\n\n\n<li class=\"has-medium-font-size\">1 s\u00e9ance d\u2019analyse des transits astrologiques actuels avec du coaching<\/li>\n<\/ul>\n\n\n\n<h3 class=\"wp-block-heading has-medium-font-size\"><strong>Inclus <\/strong><strong>5 <\/strong><strong>formations en ligne (5<\/strong><strong>H ) :<\/strong><\/h3>\n\n\n\n<p class=\"has-medium-font-size\">J\u2019apprends \u00e0 \u00e9couter mes besoins<\/p>\n\n\n\n<p class=\"has-medium-font-size\"><em>J\u2019active <\/em><em>la loi d\u2019attraction<\/em><\/p>\n\n\n\n<p class=\"has-medium-font-size\"><em>Je clarifie mes objectifs en confiance<\/em><em><\/em><\/p>\n\n\n\n<p class=\"has-medium-font-size\"><em>Je d\u00e9veloppe mon intuition &amp; mon Mindset<\/em><\/p>\n\n\n\n<p class=\"has-medium-font-size\"><em>Je renforce <\/em><em>ma <\/em><em>guidance int\u00e9rieure<\/em><\/p>\n\n\n\n<p class=\"has-medium-font-size\"><strong>Tarif : 540 \u20ac ou 3 x 180 \u20ac<\/strong><\/p>\n\n\n\n<p><\/p>\n\n\n\n<p class=\"is-style-default has-medium-font-size\">\u261e Chaque s\u00e9ance inclut du coaching et d\u2019autres outils (PNL, analyse transactionnelle&#8230; ), outre l&rsquo;analyse astrologique. Je choisis la technique la plus appropri\u00e9e \u00e0 vos besoins.<\/p>\n\n\n\n<p class=\"is-style-text-annotation has-medium-font-size is-style-text-annotation--3\">Vous vous sentez pr\u00eat(e) \u00e0 avancer et travailler sur vous-m\u00eame, pour mieux r\u00e9ussir votre vie professionnelle ou avoir une vision plus sereine et confiante de votre existence ? \u261f<\/p>\n\n\n\n<div class=\"wp-block-buttons is-content-justification-center is-layout-flex wp-container-core-buttons-is-layout-a89b3969 wp-block-buttons-is-layout-flex\">\n<div class=\"wp-block-button\"><a class=\"wp-block-button__link has-text-align-center wp-element-button\" href=\"http:\/\/subscribepage.io\/PgYcYD\" target=\"_blank\" rel=\"noreferrer noopener\"><strong>Demander un RV<\/strong> \ud83d\ude0a<\/a><\/div>\n<\/div>\n\n\n\n<p>Voici le t\u00e9moignage d&rsquo;une de mes clientes qui a pris une analyse du th\u00e8me progress\u00e9 compar\u00e9 avec le th\u00e8me natal&nbsp;:<\/p>\n\n\n\n<figure class=\"wp-block-image size-full\"><img loading=\"lazy\" decoding=\"async\" width=\"765\" height=\"179\" src=\"https:\/\/annegdhen-astro.fr\/wp-content\/uploads\/2025\/12\/Catherine-temoignage.png\" alt=\"\" class=\"wp-image-128\" srcset=\"https:\/\/annegdhen-astro.fr\/wp-content\/uploads\/2025\/12\/Catherine-temoignage.png 765w, https:\/\/annegdhen-astro.fr\/wp-content\/uploads\/2025\/12\/Catherine-temoignage-300x70.png 300w\" sizes=\"auto, (max-width: 765px) 100vw, 765px\" \/><\/figure>\n\n\n\n<h2 class=\"wp-block-heading\"><strong>T\u00e9moignages de mes clients<\/strong><\/h2>\n\n\n\n<p>\u201cJe tenais \u00e0 vous remercier pour votre accompagnement. Qu&rsquo;il s&rsquo;agisse des s\u00e9ances en visio ou des formations en ligne. Les outils utilis\u00e9s et mis \u00e0 disposition pendant et apr\u00e8s l&rsquo;accompagnement permettent une meilleure connaissance de soi, de se questionner sur ses besoins et ses valeurs, afin de mieux chercher et trouver l&#8217;emploi qui nous convient.<\/p>\n\n\n\n<p>Par ailleurs j&rsquo;ai trouv\u00e9 que ce coaching allait au del\u00e0 du domaine strictement professionnel. De nombreuses pistes de r\u00e9flexion pour travailler sur soi et ainsi mieux d\u00e9finir son projet professionnel. Merci pour votre \u00e9coute bienveillante Anne et vos analyses en mati\u00e8re d\u2019astrologie !\u00a0\u00bb.<\/p>\n\n\n\n<p><strong>Charmila S. (t\u00e9moignage) qui a pris le forfait Blocage de vie pro<\/strong><\/p>\n\n\n\n<p>Fonctionnaire<\/p>\n\n\n\n<p>\u201cJ\u2019ai commenc\u00e9 un coaching individuel avec Anne dans le cadre d\u2019une reconversion professionnelle. Son accompagnement repose sur un \u00e9change bienveillant qui m\u2019a apport\u00e9e \u00e9norm\u00e9ment de soutien, tout en me permettant de gagner en autonomie. Son approche permet d\u2019enrichir sa propre boite \u00e0 outils pour affronter les p\u00e9riodes de transition. Elle m\u2019a donn\u00e9e les cl\u00e9s pour identifier le chemin \u00e0 suivre, me faire confiance et m\u2019ouvrir aux possibilit\u00e9s qui me semblaient ferm\u00e9es. J\u2019ai trouv\u00e9 chez Anne une superbe ressource pour sortir de l\u2019immobilisme, balayer les doutes, et renouer avec mon intuition profonde\u00a0\u00bb.<\/p>\n\n\n\n<p><strong>Camille (t\u00e9moignage)<\/strong><\/p>\n\n\n\n<p>Salari\u00e9e dans une mutuelle<\/p>\n\n\n\n<p>\u00ab\u00a0Cet atelier m\u00ealant coaching professionnel et astrologie a \u00e9t\u00e9 un succ\u00e8s ! Je me suis beaucoup reconnue lorsque l&rsquo;on a analys\u00e9 les signes en plan\u00e8tes cl\u00e9s de mon th\u00e8me natal. Anne a su tr\u00e8s bien expliquer les liens entre l&rsquo;astrologie et ma personnalit\u00e9, mes besoins, mes comp\u00e9tences, mes qualit\u00e9s et mes d\u00e9fauts.<br>Avec toutes ces informations, nous avons pu analyser et mettre en place un plan d&rsquo;action pour palier \u00e0 une difficult\u00e9 que je rencontre dans ma vie professionnelle.<br>Pour tous les professionnels qui sont curieux et qui souhaitent en savoir plus sur la corr\u00e9lation entre le th\u00e8me natal et la carri\u00e8re, je vous conseille vivement cet atelier. Cela peut aussi beaucoup aider les personnes en reconversion professionnelle.<br>Ayant moi-m\u00eame effectu\u00e9 une reconversion il y a 3 ans, j&rsquo;ai \u00e9t\u00e9 agr\u00e9ablement surprise de voir que ce n&rsquo;\u00e9tait pas un hasard si je m&rsquo;ennuyais dans mon pr\u00e9c\u00e9dent poste et que le m\u00e9tier que je me suis cr\u00e9\u00e9 est parfaitement align\u00e9 avec mon th\u00e8me natal. \u00bb<\/p>\n\n\n\n<p><strong>Emilie Aitchaouche (t\u00e9moignage)<\/strong><\/p>\n\n\n\n<p>Entrepreneuse en DIY<\/p>\n\n\n\n<p>\u00ab\u00a0Je reviens sur l\u2019atelier de Anne auquel j\u2019ai particip\u00e9 le 6 juin. Ces derniers mois on \u00e9tait tr\u00e8s intense professionnellement, j\u2019avais la t\u00eate dans le guidon ou dans les questions en therme d\u2019\u00e9volution. J\u2019avais quelques notions d\u2019astrologie et le th\u00e8me fait par Anne et le travail fait avec elle lors de cet atelier a mis encore plus en lumi\u00e8re certaines choses, et surtout ce \u00e0 quoi je devais me reconnecter pour m\u2019\u00e9panouir pleinement et kiffer mon activit\u00e9. Je regarde r\u00e9guli\u00e8rement mon th\u00e8me pour me faire des piqures de rappel et m\u2019aider \u00e0 trouver des r\u00e9ponses \u00e0 mes questionnements. Merci \u00e0 Anne pour son travail. \u00bb<\/p>\n\n\n\n<p><strong>Marine Jouan (t\u00e9moignage)<\/strong><\/p>\n\n\n\n<p>Couturi\u00e8re et styliste<\/p>\n\n\n\n<p>\u00ab Un grand merci Anne pour ce passionnant atelier autour de notre th\u00e8me astral et de nos activit\u00e9s professionnelles !<br>La th\u00e9matique tr\u00e8s \u00ab op\u00e9rationnelle \u00bb m\u2019a permis de comprendre pourquoi je ne m\u2019\u00e9panouissais pas, ou avec difficult\u00e9 parfois, dans certains aspects de mes pr\u00e9c\u00e9dents m\u00e9tiers.<br>Lors de cet atelier, j\u2019ai pris pleinement conscience de mes \u2018forces\u2019, \u00e0 d\u00e9velopper pour accentuer mes \u00e9l\u00e9ments diff\u00e9renciants dans mon domaine d\u2019activit\u00e9. Ma client\u00e8le cible id\u00e9ale, en lien avec mes comp\u00e9tences et mes app\u00e9tences, a \u00e9t\u00e9 clairement d\u00e9finie.<br>Cet atelier devrait faire partie d\u2019un process pour les entrepreneurs qui d\u00e9marrent leur activit\u00e9 professionnelle afin qu\u2019ils gagnent du temps dans leur ciblage ! \u00bb<\/p>\n\n\n\n<p><strong>Anne Westermann (t\u00e9moignage)<\/strong><\/p>\n\n\n\n<p>Tarologue<\/p>\n\n\n\n<p>\u00ab J&rsquo;ai agr\u00e9ablement \u00e9t\u00e9 surprise par l&rsquo;atelier propos\u00e9 par Anne. C&rsquo;est un point de vue que l&rsquo;on n&rsquo;a pas l&rsquo;habitude d&rsquo;explorer, \u00e0 tort. J&rsquo;ai d\u00e9couvert des \u00e9l\u00e9ments propres \u00e0 ma personnalit\u00e9. Cela m&rsquo;a permis de me concentrer sur une cible client qui fait vraiment \u00e9cho en moi.<br>Anne m&rsquo;a accompagn\u00e9 de mani\u00e8re bienveillante et professionnelle tout au long de l&rsquo;atelier.<br>Une app\u00e9tence pour la connaissance de soi reste toutefois n\u00e9cessaire pour appr\u00e9cier pleinement l&rsquo;atelier.<br>Je le recommande vivement \u00e0 toutes celles et ceux qui ont envie d&rsquo;en apprendre plus sur eux-m\u00eames. \u00bb \u00bb<\/p>\n\n\n\n<p><strong>Corinne Mah\u00e9 (t\u00e9moignage)<\/strong><\/p>\n\n\n\n<p>Assistante RH ind\u00e9pendante<\/p>\n\n\n\n<p>\u00ab Cette s\u00e9ance m\u2019a emmen\u00e9e \u00e0 de la r\u00e9flexion, en essayant de d\u00e9crypter mes ressentis par rapport \u00e0 la frustration. Anne nous aide \u00e0 nous analyser. Elle nous apprend aussi \u00e0 m\u00e9diter. \u00bb.<\/p>\n\n\n\n<p><strong>V\u00e9ronique&nbsp;(t\u00e9moignage)<\/strong><\/p>\n\n\n\n<p>Fonctionnaire<\/p>\n\n\n\n<p>\u00ab Interpell\u00e9 par le sujet (tr\u00e8s actuel) de l\u2019atelier sur la frustration propos\u00e9 en visio (couvre-feu oblige) par Anne, j\u2019ai beaucoup aim\u00e9 la mise en \u00ab mots \u00bb (en \u00ab maux \u00bb ?) des r\u00e9actions de stress qu\u2019elle engendre et son influence sur nos vies. Apr\u00e8s cette s\u00e9ance d\u2019introspection, j\u2019ai \u00e9galement beaucoup appr\u00e9ci\u00e9 l\u2019apaisement procur\u00e9 par l\u2019initiation \u00e0 la coh\u00e9rence cardiaque qui a suivi.\u00a0\u00bb<\/p>\n\n\n\n<p><strong>Philippe P. (t\u00e9moignage)<\/strong><\/p>\n\n\n\n<p>Photographe<\/p>\n\n\n\n<p><\/p>\n","protected":false},"excerpt":{"rendered":"<p>Quelle est votre difficult\u00e9 professionnelle actuelle ? Cliquez ci-dessous sur ce diaporama interactif, pour en savoir plus. Mes accompagnements-carte mentale par Anne Gdhen Vous pouvez zoomer le diaporama en cliquant sur les deux fl\u00e8ches, en bas \u00e0 droite. Puis, appuyez sur ESC pour revenir \u00e0 l&rsquo;\u00e9cran normal. Sinon vous pouvez lire les descriptifs ci-dessous. Vous [&hellip;]<\/p>\n","protected":false},"author":1,"featured_media":283,"parent":0,"menu_order":2,"comment_status":"closed","ping_status":"closed","template":"","meta":{"footnotes":""},"class_list":["post-125","page","type-page","status-publish","has-post-thumbnail","hentry"],"_links":{"self":[{"href":"https:\/\/annegdhen-astro.fr\/index.php\/wp-json\/wp\/v2\/pages\/125","targetHints":{"allow":["GET"]}}],"collection":[{"href":"https:\/\/annegdhen-astro.fr\/index.php\/wp-json\/wp\/v2\/pages"}],"about":[{"href":"https:\/\/annegdhen-astro.fr\/index.php\/wp-json\/wp\/v2\/types\/page"}],"author":[{"embeddable":true,"href":"https:\/\/annegdhen-astro.fr\/index.php\/wp-json\/wp\/v2\/users\/1"}],"replies":[{"embeddable":true,"href":"https:\/\/annegdhen-astro.fr\/index.php\/wp-json\/wp\/v2\/comments?post=125"}],"version-history":[{"count":49,"href":"https:\/\/annegdhen-astro.fr\/index.php\/wp-json\/wp\/v2\/pages\/125\/revisions"}],"predecessor-version":[{"id":398,"href":"https:\/\/annegdhen-astro.fr\/index.php\/wp-json\/wp\/v2\/pages\/125\/revisions\/398"}],"wp:featuredmedia":[{"embeddable":true,"href":"https:\/\/annegdhen-astro.fr\/index.php\/wp-json\/wp\/v2\/media\/283"}],"wp:attachment":[{"href":"https:\/\/annegdhen-astro.fr\/index.php\/wp-json\/wp\/v2\/media?parent=125"}],"curies":[{"name":"wp","href":"https:\/\/api.w.org\/{rel}","templated":true}]}}