{"id":122,"date":"2025-12-06T16:29:55","date_gmt":"2025-12-06T16:29:55","guid":{"rendered":"https:\/\/annegdhen-astro.fr\/?page_id=122"},"modified":"2025-12-06T16:29:55","modified_gmt":"2025-12-06T16:29:55","slug":"politique-de-confidentialite","status":"publish","type":"page","link":"https:\/\/annegdhen-astro.fr\/index.php\/politique-de-confidentialite\/","title":{"rendered":"Politique de confidentialit\u00e9"},"content":{"rendered":"\n<p><strong>Vos donn\u00e9es ne sont pas conserv\u00e9es<\/strong>. Elles servent uniquement \u00e0 recevoir votre message. Elles sont d\u00e9truites ensuite.<\/p>\n\n\n\n<p><strong>reCAPTCHA :<\/strong><\/p>\n\n\n\n<p>Nous utilisons le service reCAPTCHA de Google LLC (Google) pour prot\u00e9ger les entr\u00e9es des formulaires sur ce site. Ce service est utilis\u00e9 pour diff\u00e9rencier les entr\u00e9es faites par un \u00eatre humain des abus automatis\u00e9s. Cela implique l&rsquo;envoi de l&rsquo;adresse IP et \u00e9ventuellement d&rsquo;autres donn\u00e9es requises par Google pour le service reCAPTCHA. \u00c0 cette fin, vos donn\u00e9es seront communiqu\u00e9es \u00e0 Google et utilis\u00e9es par leurs services. Toutefois, votre adresse IP sera pr\u00e9alablement raccourcie par Google dans les \u00c9tats membres de l&rsquo;Union europ\u00e9enne &#8211; ou dans d&rsquo;autres \u00c9tats qui font partie de l&rsquo;accord sur l&rsquo;Espace \u00e9conomique europ\u00e9en &#8211; et sera ainsi anonyme. Dans certains cas exceptionnels, votre adresse IP compl\u00e8te sera transmise \u00e0 un serveur de Google aux \u00c9tats-Unis et raccourcie ensuite. Au nom de l&rsquo;exploitant de ce site web, Google utilisera ces informations pour \u00e9valuer votre utilisation de ce service. L&rsquo;adresse IP fournie par reCAPTCHA par votre navigateur ne sera pas fusionn\u00e9e avec d&rsquo;autres donn\u00e9es de Google.<br>En utilisant le service reCAPTCHA, vous consentez au traitement des donn\u00e9es vous concernant par Google, de la mani\u00e8re et aux fins \u00e9nonc\u00e9es ci-dessus.<\/p>\n\n\n\n<p>Pour plus d&rsquo;informations concernant la politique de confidentialit\u00e9 de Google : <a href=\"https:\/\/policies.google.com\/privacy?hl=fr\" data-type=\"link\" data-id=\"https:\/\/policies.google.com\/privacy?hl=fr\">cliquez sur le bouton ci-dessous <\/a>:<\/p>\n","protected":false},"excerpt":{"rendered":"<p>Vos donn\u00e9es ne sont pas conserv\u00e9es. Elles servent uniquement \u00e0 recevoir votre message. Elles sont d\u00e9truites ensuite. reCAPTCHA : Nous utilisons le service reCAPTCHA de Google LLC (Google) pour prot\u00e9ger les entr\u00e9es des formulaires sur ce site. Ce service est utilis\u00e9 pour diff\u00e9rencier les entr\u00e9es faites par un \u00eatre humain des abus automatis\u00e9s. Cela implique [&hellip;]<\/p>\n","protected":false},"author":1,"featured_media":0,"parent":0,"menu_order":0,"comment_status":"closed","ping_status":"closed","template":"","meta":{"footnotes":""},"class_list":["post-122","page","type-page","status-publish","hentry"],"_links":{"self":[{"href":"https:\/\/annegdhen-astro.fr\/index.php\/wp-json\/wp\/v2\/pages\/122","targetHints":{"allow":["GET"]}}],"collection":[{"href":"https:\/\/annegdhen-astro.fr\/index.php\/wp-json\/wp\/v2\/pages"}],"about":[{"href":"https:\/\/annegdhen-astro.fr\/index.php\/wp-json\/wp\/v2\/types\/page"}],"author":[{"embeddable":true,"href":"https:\/\/annegdhen-astro.fr\/index.php\/wp-json\/wp\/v2\/users\/1"}],"replies":[{"embeddable":true,"href":"https:\/\/annegdhen-astro.fr\/index.php\/wp-json\/wp\/v2\/comments?post=122"}],"version-history":[{"count":1,"href":"https:\/\/annegdhen-astro.fr\/index.php\/wp-json\/wp\/v2\/pages\/122\/revisions"}],"predecessor-version":[{"id":123,"href":"https:\/\/annegdhen-astro.fr\/index.php\/wp-json\/wp\/v2\/pages\/122\/revisions\/123"}],"wp:attachment":[{"href":"https:\/\/annegdhen-astro.fr\/index.php\/wp-json\/wp\/v2\/media?parent=122"}],"curies":[{"name":"wp","href":"https:\/\/api.w.org\/{rel}","templated":true}]}}